{"id":2,"date":"2014-03-24T12:15:16","date_gmt":"2014-03-24T11:15:16","guid":{"rendered":"http:\/\/www.mbp.olsztyn.pl\/bip\/?page_id=2"},"modified":"2020-10-16T15:48:32","modified_gmt":"2020-10-16T13:48:32","slug":"sample-page","status":"publish","type":"page","link":"https:\/\/bip.mbp.olsztyn.pl\/","title":{"rendered":"BIP"},"content":{"rendered":"<p>Witamy na stronie Biuletynu Informacji Publicznej Miejskiej biblioteki Publicznej w Olsztynie<span style=\"color: #ffffff;\">S<\/span><\/p>\n<hr \/>\n<p><b>Miejska Biblioteka Publiczna<\/b><br \/>\n10-030 Olsztyn,<br \/>\nul. Rodziewicz\u00f3wny 2<br \/>\ne-mail: \u00a0<img decoding=\"async\" title=\"No EXIF No EXIF\" src=\"wp-includes\/images\/mail_info.jpg\" alt=\"mail\" \/><\/p>\n<p>tel. 89 535 30 80<br \/>\ntel. 89 535 30 81<br \/>\nfax 89 535 30 82<\/p>\n<p>nr REGON: 510904050<br \/>\nnr NIP: 739-30-58-772<\/p>\n<p>&nbsp;<\/p>\n<hr \/>\n<p>Miejska Biblioteka Publiczna w Olsztynie dzia\u0142a na podstawie:<\/p>\n<ol>\n<li>Uchwa\u0142y Nr XIV\/152\/99 Rady Miejskiej w Olsztynie z dnia 25 czerwca 1999 r. w sprawie\u00a0podzia\u0142u Miejskiego O\u015brodka Kultury w Olsztynie i utworzenia instytucji kultury, (uchwa\u0142y Nr LIX\/884\/02 Rady Miasta Olsztyn z dnia 27 lutego 2002 r. w sprawie zmian do cytowanej wy\u017cej uchwa\u0142y oraz uchwa\u0142y nr XXXV\/435\/4 Rady Miasta Olsztyn z dnia 27.10.2004 w sprawie nadania Statutu Miejskiej Biblioteki Publicznej w Olsztynie (Dz. Urz. Woj. Warm.-Maz Nr 156 poz. 1940 z p\u00f3\u017an. zm.));<\/li>\n<li>Ustawy z dnia 08 marca 1990 r. o samorz\u0105dzie gminnym (D.U. z 2016r., Nr 446);<\/li>\n<li>Ustawy z dnia 25 pa\u017adziernika 1991 r. o organizowaniu i prowadzeniu dzia\u0142alno\u015bci\u00a0kulturalnej (Dz.U. z 2012r. poz. 406);<\/li>\n<li>Ustawy z dnia 27 czerwca 1997 r. o bibliotekach (Dz.U. z 2012r. poz.642 z p\u00f3\u017an. zm.);<\/li>\n<li>Ustawy z dnia 27 sierpnia 2009 r. o finansach publicznych (D.U z 2016r., poz. 1870 z p\u00f3\u017an. zm.);<\/li>\n<li>Ustawy z dnia 29 wrze\u015bnia 1994 r. o rachunkowo\u015bci (D.U. z 2016r. poz.1047 z p\u00f3\u017an. zm. );<\/li>\n<li>Statutu MBP.<\/li>\n<\/ol>\n","protected":false},"excerpt":{"rendered":"<p>Witamy na stronie Biuletynu Informacji Publicznej Miejskiej biblioteki Publicznej w OlsztynieS Miejska Biblioteka Publiczna 10-030 Olsztyn, ul. Rodziewicz\u00f3wny 2 e-mail: \u00a0 tel. 89 535 30 80 tel. 89 535 30 81 fax 89 535 30 82 nr REGON: 510904050 nr NIP: 739-30-58-772 &nbsp; Miejska Biblioteka Publiczna w Olsztynie dzia\u0142a na podstawie: Uchwa\u0142y Nr XIV\/152\/99 Rady <span class=\"ellipsis\">&hellip;<\/span> <span class=\"more-link-wrap\"><a href=\"https:\/\/bip.mbp.olsztyn.pl\/\" class=\"more-link\"><span>Read More &rarr;<\/span><\/a><\/span><\/p>\n","protected":false},"author":1,"featured_media":0,"parent":0,"menu_order":0,"comment_status":"closed","ping_status":"closed","template":"","meta":{"footnotes":""},"class_list":["post-2","page","type-page","status-publish","hentry"],"_links":{"self":[{"href":"https:\/\/bip.mbp.olsztyn.pl\/index.php?rest_route=\/wp\/v2\/pages\/2","targetHints":{"allow":["GET"]}}],"collection":[{"href":"https:\/\/bip.mbp.olsztyn.pl\/index.php?rest_route=\/wp\/v2\/pages"}],"about":[{"href":"https:\/\/bip.mbp.olsztyn.pl\/index.php?rest_route=\/wp\/v2\/types\/page"}],"author":[{"embeddable":true,"href":"https:\/\/bip.mbp.olsztyn.pl\/index.php?rest_route=\/wp\/v2\/users\/1"}],"replies":[{"embeddable":true,"href":"https:\/\/bip.mbp.olsztyn.pl\/index.php?rest_route=%2Fwp%2Fv2%2Fcomments&post=2"}],"version-history":[{"count":17,"href":"https:\/\/bip.mbp.olsztyn.pl\/index.php?rest_route=\/wp\/v2\/pages\/2\/revisions"}],"predecessor-version":[{"id":468,"href":"https:\/\/bip.mbp.olsztyn.pl\/index.php?rest_route=\/wp\/v2\/pages\/2\/revisions\/468"}],"wp:attachment":[{"href":"https:\/\/bip.mbp.olsztyn.pl\/index.php?rest_route=%2Fwp%2Fv2%2Fmedia&parent=2"}],"curies":[{"name":"wp","href":"https:\/\/api.w.org\/{rel}","templated":true}]}}