{"id":23,"date":"2014-03-24T14:05:37","date_gmt":"2014-03-24T13:05:37","guid":{"rendered":"http:\/\/www.mbp.olsztyn.pl\/bip\/?page_id=23"},"modified":"2018-09-12T08:54:09","modified_gmt":"2018-09-12T06:54:09","slug":"biblioteka","status":"publish","type":"page","link":"https:\/\/bip.mbp.olsztyn.pl\/?page_id=23","title":{"rendered":"O bibliotece"},"content":{"rendered":"<p style=\"text-align: justify; text-indent: 20px;\"><b>Miejska Biblioteka Publiczna w Olsztynie<\/b>\u00a0jest instytucj\u0105 kultury, utrzymywan\u0105 przez samorz\u0105d miasta. U\u017cytkownik\u00f3w obs\u0142uguje za po\u015brednictwem\u00a014 filii\u00a0rozmieszczonych we wszystkich dzielnicach Olsztyna. Wi\u0119kszo\u015b\u0107 filii ma charakter og\u00f3lny, tak ze wzgl\u0119du na rodzaj gromadzonych zbior\u00f3w, jak i zakres \u015bwiadczonych us\u0142ug, dwie filie przeznaczone s\u0105 dla m\u0142odzie\u017cy i czytelnik\u00f3w doros\u0142ych, jedna &#8211; dla dzieci i m\u0142odzie\u017cy, jedna jest fili\u0105 specjaln\u0105 nastawion\u0105 na obs\u0142ug\u0119 ma\u0142ych i \u015brednich przedsi\u0119biorstw. Ponadto dwie z naszych filii pe\u0142ni\u0105 dodatkowo funkcje bibliotek szkolnych.<\/p>\n","protected":false},"excerpt":{"rendered":"<p>Miejska Biblioteka Publiczna w Olsztynie\u00a0jest instytucj\u0105 kultury, utrzymywan\u0105 przez samorz\u0105d miasta. U\u017cytkownik\u00f3w obs\u0142uguje za po\u015brednictwem\u00a014 filii\u00a0rozmieszczonych we wszystkich dzielnicach Olsztyna. Wi\u0119kszo\u015b\u0107 filii ma charakter og\u00f3lny, tak ze wzgl\u0119du na rodzaj gromadzonych zbior\u00f3w, jak i zakres \u015bwiadczonych us\u0142ug, dwie filie przeznaczone s\u0105 dla m\u0142odzie\u017cy i czytelnik\u00f3w doros\u0142ych, jedna &#8211; dla dzieci i m\u0142odzie\u017cy, jedna jest fili\u0105 <span class=\"ellipsis\">&hellip;<\/span> <span class=\"more-link-wrap\"><a href=\"https:\/\/bip.mbp.olsztyn.pl\/?page_id=23\" class=\"more-link\"><span>Read More &rarr;<\/span><\/a><\/span><\/p>\n","protected":false},"author":1,"featured_media":0,"parent":0,"menu_order":0,"comment_status":"closed","ping_status":"closed","template":"","meta":{"footnotes":""},"class_list":["post-23","page","type-page","status-publish","hentry"],"_links":{"self":[{"href":"https:\/\/bip.mbp.olsztyn.pl\/index.php?rest_route=\/wp\/v2\/pages\/23","targetHints":{"allow":["GET"]}}],"collection":[{"href":"https:\/\/bip.mbp.olsztyn.pl\/index.php?rest_route=\/wp\/v2\/pages"}],"about":[{"href":"https:\/\/bip.mbp.olsztyn.pl\/index.php?rest_route=\/wp\/v2\/types\/page"}],"author":[{"embeddable":true,"href":"https:\/\/bip.mbp.olsztyn.pl\/index.php?rest_route=\/wp\/v2\/users\/1"}],"replies":[{"embeddable":true,"href":"https:\/\/bip.mbp.olsztyn.pl\/index.php?rest_route=%2Fwp%2Fv2%2Fcomments&post=23"}],"version-history":[{"count":7,"href":"https:\/\/bip.mbp.olsztyn.pl\/index.php?rest_route=\/wp\/v2\/pages\/23\/revisions"}],"predecessor-version":[{"id":348,"href":"https:\/\/bip.mbp.olsztyn.pl\/index.php?rest_route=\/wp\/v2\/pages\/23\/revisions\/348"}],"wp:attachment":[{"href":"https:\/\/bip.mbp.olsztyn.pl\/index.php?rest_route=%2Fwp%2Fv2%2Fmedia&parent=23"}],"curies":[{"name":"wp","href":"https:\/\/api.w.org\/{rel}","templated":true}]}}