{"id":584,"date":"2024-03-14T11:03:58","date_gmt":"2024-03-14T09:03:58","guid":{"rendered":"https:\/\/bip.mbp.olsztyn.pl\/?page_id=584"},"modified":"2026-03-11T10:44:17","modified_gmt":"2026-03-11T09:44:17","slug":"deklaracja-dostepnosci","status":"publish","type":"page","link":"https:\/\/bip.mbp.olsztyn.pl\/?page_id=584","title":{"rendered":"Deklaracja dost\u0119pno\u015bci"},"content":{"rendered":"<p><span id=\"a11y-podmiot\">Miejska Biblioteka Publiczna w Olsztynie<\/span> zobowi\u0105zuje si\u0119 zapewni\u0107 dost\u0119pno\u015b\u0107 swojej strony internetowej zgodnie z ustaw\u0105 z dnia 4 kwietnia 2019 r. o dost\u0119pno\u015bci cyfrowej stron internetowych i aplikacji mobilnych podmiot\u00f3w publicznych. O\u015bwiadczenie w sprawie dost\u0119pno\u015bci ma zastosowanie do <a id=\"a11y-url\" href=\"https:\/\/bip.mbp.olsztyn.pl\">strony internetowej BIP MBP w Olsztynie.<\/a><\/p>\n<p>Data publikacji strony internetowej:\u00a0<span id=\"a11y-data-publikacja\">2014-03-25<\/span>.<\/p>\n<p>Data ostatniej istotnej aktualizacji:\u00a0<span id=\"a11y-data-aktualizacja\">2014-03-25<\/span>.<\/p>\n<p>Strona internetowa WWW jest <strong><span id=\"a11y-status\">cz\u0119\u015bciowo zgodna<\/span><\/strong>\u00a0z ustaw\u0105 z dnia 4 kwietnia 2019 r. o dost\u0119pno\u015bci cyfrowej stron internetowych i aplikacji mobilnych podmiot\u00f3w publicznych.<\/p>\n<p>Status wynika z powodu niezgodno\u015bci wymienionych poni\u017cej.<\/p>\n<ul>\n<li>cz\u0119\u015b\u0107 opublikowanych zdj\u0119\u0107 i grafik nie posiada tekstu alternatywnego,<\/li>\n<li>cz\u0119\u015b\u0107 za\u0142\u0105czonych plik\u00f3w skan\u00f3w nie jest dost\u0119pnych w wersji cyfrowej,<\/li>\n<li>brak poprawnej struktury nag\u0142\u00f3wkowej w niekt\u00f3rych artyku\u0142ach i\/lub niew\u0142a\u015bciwa hierarchia element\u00f3w HTML<\/li>\n<\/ul>\n<p>Niekt\u00f3re tre\u015bci s\u0105 wy\u0142\u0105czone z konieczno\u015bci zachowania dost\u0119pno\u015bci, poniewa\u017c zosta\u0142y opublikowane przed wej\u015bciem w \u017cycie ustawy o dost\u0119pno\u015bci cyfrowej.<\/p>\n<p>O\u015bwiadczenie sporz\u0105dzono dnia: <span id=\"a11y-data-sporzadzenie\">2021-02-09<\/span>.<\/p>\n<p>Data ostatniego przegl\u0105du deklaracji: 2026-03-11<\/p>\n<p>Deklaracj\u0119 sporz\u0105dzono na podstawie samooceny przeprowadzonej przez podmiot publiczny.<\/p>\n<p>Na stronie internetowej mo\u017cna korzysta\u0107 ze standardowych skr\u00f3t\u00f3w klawiaturowych.<\/p>\n<p><strong>Informacje zwrotne i dane kontaktowe<\/strong><\/p>\n<p id=\"a11y-kontakt\">W przypadku problem\u00f3w z dost\u0119pno\u015bci\u0105 strony internetowej prosimy o kontakt telefoniczny pod numerem <span id=\"a11y-telefon\">895353080<\/span>, przez formularz kontaktowy na stronie biblioteki (<a href=\"https:\/\/mbp.olsztyn.pl\/kontakt\/\">https:\/\/mbp.olsztyn.pl\/kontakt\/<\/a>) lub adres poczty elektronicznej (<span id=\"a11y-email\">dostepnosc.cyfrowa@mbp.olsztyn.pl<\/span>). T\u0105 sam\u0105 drog\u0105 mo\u017cna sk\u0142ada\u0107 wnioski o udost\u0119pnienie informacji niedost\u0119pnej oraz sk\u0142ada\u0107 skargi na brak zapewnienia dost\u0119pno\u015bci. Osob\u0105 kontaktow\u0105 jest\u00a0<span id=\"a11y-osoba\">Krzysztof Kowalski<\/span>.<\/p>\n<p>Ka\u017cdy ma prawo do wyst\u0105pienia z \u017c\u0105daniem zapewnienia dost\u0119pno\u015bci cyfrowej strony internetowej, aplikacji mobilnej lub ich elementu. Mo\u017cna tak\u017ce za\u017c\u0105da\u0107 udost\u0119pnienia informacji w formach alternatywnych, na przyk\u0142ad odczytanie niedost\u0119pnego cyfrowo dokumentu, opisania zawarto\u015bci filmu bez audiodeskrypcji itp. \u017b\u0105danie powinno zawiera\u0107 dane osoby zg\u0142aszaj\u0105cej \u017c\u0105danie, wskazanie, o kt\u00f3r\u0105 stron\u0119 internetow\u0105 lub aplikacj\u0119 mobiln\u0105 chodzi oraz spos\u00f3b kontaktu. Je\u017celi osoba \u017c\u0105daj\u0105ca zg\u0142asza potrzeb\u0119 otrzymania informacji w formie alternatywnej, powinna tak\u017ce okre\u015bli\u0107 form\u0119 tej informacji. Podmiot publiczny powinien zrealizowa\u0107 \u017c\u0105danie niezw\u0142ocznie i nie p\u00f3\u017aniej, ni\u017c w ci\u0105gu 7 dni. Je\u017celi dotrzymanie tego terminu nie jest mo\u017cliwe, podmiot publiczny niezw\u0142ocznie informuje o tym, kiedy realizacja \u017c\u0105dania b\u0119dzie mo\u017cliwa, przy czym termin ten nie mo\u017ce by\u0107 d\u0142u\u017cszy ni\u017c 2 miesi\u0105ce od dnia wyst\u0105pienia z \u017c\u0105daniem. Je\u017celi zapewnienie dost\u0119pno\u015bci nie jest mo\u017cliwe, podmiot publiczny mo\u017ce zaproponowa\u0107 alternatywny spos\u00f3b dost\u0119pu do informacji. W przypadku, gdy podmiot odm\u00f3wi realizacji \u017c\u0105dania zapewnienia dost\u0119pno\u015bci lub alternatywnego dost\u0119pu do informacji, mo\u017cna z\u0142o\u017cy\u0107 skarg\u0119 na takie dzia\u0142anie. Po wyczerpaniu wszystkich mo\u017cliwo\u015bci skarg\u0119 mo\u017cna przes\u0142a\u0107 tak\u017ce do\u00a0<a href=\"https:\/\/www.rpo.gov.pl\/content\/jak-zglosic-sie-do-rzecznika-praw-obywatelskich\">Rzecznika Praw Obywatelskich<\/a>.<\/p>\n<p>W bibliotece nie ma mo\u017cliwo\u015bci skorzystania z t\u0142umacza j\u0119zyka migowego.<\/p>\n<p><strong>Informacje o aplikacjach mobilnych udost\u0119pnianych przez podmiot publiczny<\/strong><\/p>\n<p>Miejska Biblioteka Publiczna w Olsztynie nie udost\u0119pnia aplikacji mobilnych.<\/p>\n<p><strong id=\"a11y-architektura\">Dost\u0119pno\u015b\u0107 architektoniczna<\/strong><\/p>\n<p>Na terenie miasta Olsztyna biblioteka prowadzi sw\u0105 dzia\u0142alno\u015b\u0107 w 14 lokalizacjach. Zdecydowana wi\u0119kszo\u015b\u0107 z nich s\u0105 to lokale wynajmowane.<\/p>\n<ul>\n<li><strong>Filia nr 2<\/strong> zlokalizowana w Olsztynie przy ul. \u015awitezianki 4. W budynku funkcjonuj\u0105 dwie instytucje miejskie. Miejski O\u015brodek Pomocy Spo\u0142ecznej z kt\u00f3rym Biblioteka ma zawart\u0105 umow\u0119 najmu z przeznaczeniem na prowadzenie dzia\u0142alno\u015bci bibliotecznej. Obydwie instytucje maj\u0105 oddzielne wej\u015bcia. Do biblioteki prowadz\u0105 trzy stopnie schodk\u00f3w z por\u0119cz\u0105 oraz podjazdem dla w\u00f3zk\u00f3w dzieci\u0119cych. Podjazd jest do\u015b\u0107 stromy wi\u0119c nie mo\u017ce by\u0107 wykorzystywany przez osoby niepe\u0142nosprawne poruszaj\u0105ce si\u0119 na w\u00f3zkach inwalidzkich. Dodatkowym utrudnieniem jest materia\u0142 z kt\u00f3rego wykonane s\u0105 schody oraz podjazd. Podczas opad\u00f3w atmosferycznych czy to \u015bnieg, czy deszcz schody i podjazd s\u0105 bardzo \u015bliskie. Biblioteka nie jest dostosowana do potrzeb os\u00f3b niepe\u0142nosprawnych oraz matek z dzie\u0107mi. Nie ma pomieszczenia przystosowanego dla matek z niemowlakami. W pomieszczeniach nie ma toalety dla niepe\u0142nosprawnych i brak jest przestrzeni do poruszania si\u0119 mi\u0119dzy rega\u0142ami dla w\u00f3zk\u00f3w inwalidzkich. Wewn\u0105trz budynku nie mamy \u017cadnych udogodnie\u0144 dla os\u00f3b starszych.<\/li>\n<li><strong>Filia nr 3<\/strong> MultiCentrum usytuowana jest w ci\u0105gu lokali us\u0142ugowo-handlowych przy ulicy Limanowskiego 8 w Olsztynie. Wej\u015bcie do lokalu prowadzi bezpo\u015brednio z ulicy, jednak trzeba pokona\u0107 pr\u00f3g kt\u00f3ry uniemo\u017cliwia wjazd do lokalu osobom poruszaj\u0105cym si\u0119 na w\u00f3zkach inwalidzkich. Biblioteka obs\u0142uguje zorganizowane grupy szkolne, przedszkolne i senior\u00f3w. W lokalu brak jest udogodnie\u0144 dla rodzic\u00f3w z niemowl\u0119tami oraz os\u00f3b starszych.<\/li>\n<li><strong>Filia nr 4<\/strong> \u00a0zlokalizowana w Olsztynie przy Al. Przyjaci\u00f3\u0142 15\/1. Jest to kamienica powsta\u0142a przed 1945 rokiem. \u00a0Wej\u015bcie do budynku dzielimy z lokatorami, kt\u00f3rzy zamieszkuj\u0105 pi\u0119tro nad naszym lokalem. W bibliotece nie ma \u017cadnych udogodnie\u0144 do obs\u0142ugi os\u00f3b niepe\u0142nosprawnych, starszych i rodzic\u00f3w z ma\u0142ymi dzie\u0107mi (w\u00f3zki). Klatka schodowa jest bardzo w\u0105ska i aby dosta\u0107 si\u0119 do biblioteki nale\u017cy pokona\u0107 kilka schod\u00f3w.<\/li>\n<li><strong>Filia nr 5<\/strong> usytuowana w Olsztynie przy ul. \u00a0Or\u0142owicza 27. W budynku znajduj\u0105 si\u0119 dwie instytucje do kt\u00f3rych prowadz\u0105 oddzielne wej\u015bcia, umo\u017cliwiaj\u0105ce osobom na w\u00f3zku jak i rodzicom z ma\u0142ymi dzie\u0107mi swobodny wjazd do biblioteki. W lokalu znajduje si\u0119 toaleta przystosowan\u0105 dla os\u00f3b niepe\u0142nosprawnych, jest zamontowany uchwyt.<\/li>\n<li><strong>Filia nr 6<\/strong> usytuowana w Olsztynie przy ul. Jarockiej 65. G\u0142\u00f3wne wej\u015bcie jest nieprzystosowane dla os\u00f3b starszych, niepe\u0142nosprawnych i rodzic\u00f3w z w\u00f3zkami ze wzgl\u0119du na wysokie schody bez por\u0119czy. Tylne wej\u015bcie jest dostosowane dla wszystkich, w\u00f3zek inwalidzki te\u017c wjedzie. To jest wej\u015bcie do \u015bwietlicy terapeutycznej, kt\u00f3ra pozwala nam z niego korzysta\u0107 .Wewn\u0105trz budynku posiadamy \u0142azienk\u0119 przystosowan\u0105 do os\u00f3b niepe\u0142nosprawnych na w\u00f3zkach inwalidzkich.<\/li>\n<li><strong>Filia nr 9<\/strong> \u00a0zlokalizowana w Olsztynie, przy ul. \u017bo\u0142nierskiej 47.\u00a0Czytelnicy niepe\u0142nosprawni oraz rodzice z w\u00f3zkami maja dobry dost\u0119p do lokalu biblioteki. Obok kilku schodk\u00f3w jest podjazd. Odwiedzaj\u0105cy bibliotek\u0119 korzystaj\u0105 z obu tych dr\u00f3g. Wewn\u0105trz biblioteki jest sporo przestrzeni, ale tylko dla Czytelnik\u00f3w sprawnych fizycznie. Osoby na w\u00f3zkach z regu\u0142y nie wje\u017cd\u017caj\u0105, ze wzgl\u0119du na ciasny korytarz wej\u015bciowy. Podobnie ma si\u0119 sytuacja z w\u00f3zkami dla dzieci. Przejazd w\u00f3zk\u00f3w mi\u0119dzy rega\u0142ami jest mo\u017cliwy ale tylko po linii prostej. Nie ma mo\u017cliwo\u015bci skr\u0119tu i zawracania. Ze wzgl\u0119du na zbyt ma\u0142\u0105 przestrze\u0144 toalety nie s\u0105 przystosowane dla os\u00f3b niepe\u0142nosprawnych. Nie ma tez przewijak\u00f3w.<\/li>\n<li><strong>Filia nr 10<\/strong> Abecad\u0142o mie\u015bci si\u0119 w Centrum Handlowym AURA \u2013 na III poziomie galerii przy ulicy Pi\u0142sudskiego 16 w Olsztynie. Z ka\u017cdego poziomu Centrum mo\u017cliwy jest wjazd do biblioteki wind\u0105 (tak\u017ce z poziomu parking\u00f3w). Biblioteka posiada tak\u017ce oddzielne wej\u015bcie z zewn\u0105trz z szerokimi drzwiami umo\u017cliwiaj\u0105cymi wjazd w\u00f3zkiem inwalidzkim lub dzieci\u0119cym. Na miejscu w bibliotece dost\u0119pna jest specjalna toaleta dla os\u00f3b niepe\u0142nosprawnych jak r\u00f3wnie\u017c toalet z przewijakiem dla ma\u0142ych dzieci. Du\u017ca powierzchnia biblioteki 400 m2 i aran\u017cacja wn\u0119trza umo\u017cliwiaj\u0105 swobodne poruszanie si\u0119 czytelnik\u00f3w na w\u00f3zkach inwalidzkich. Biblioteka posiada tak\u017ce k\u0105cik z zabawkami (klocki, zabawki, domek, zje\u017cd\u017calnia, stoliki + krzese\u0142ka), z kt\u00f3rego ch\u0119tnie korzystaj\u0105 rodzice z ma\u0142ymi dzie\u0107mi<\/li>\n<li><strong>Filia Planeta 11<\/strong> Filia Planeta 11 zlokalizowana w Hali URANIA, I pi\u0119tro, lokal 18 przy al. Pi\u0142sudskiego 44. Do plac\u00f3wki prowadzi podjazd od strony parkingu, a wewn\u0105trz budynku s\u0105 windy, w zwi\u0105zku z czym osoby niepe\u0142nosprawne poruszaj\u0105ce si\u0119 na w\u00f3zkach inwalidzkich maj\u0105 mo\u017cliwo\u015b\u0107 wjechania w\u00f3zkiem do biblioteki, podobnie jest z w\u00f3zkami dzieci\u0119cymi.<\/li>\n<li><strong>Filia nr 12<\/strong> usytuowana jest w ci\u0105gu pawilon\u00f3w handlowo-us\u0142ugowych w Olsztynie przy ul. Wroc\u0142awska 2lok. nr 6. Ze wzgl\u0119du na niewielk\u0105 przestrze\u0144 brak jest mo\u017cliwo\u015bci dostosowana pomieszcze\u0144 do obs\u0142ugi os\u00f3b niepe\u0142nosprawnych. Rodzice z w\u00f3zkami dzieci\u0119cymi maj\u0105 mo\u017cliwo\u015b\u0107 wjazdu do biblioteki.<\/li>\n<li><strong>Filia nr 13<\/strong> usytuowana w Olsztynie przy ul. \u00a0Sikiryckiego 9. Wej\u015bcie do budynku oraz korytarz prowadz\u0105cy do biblioteki posiada podjazd dla w\u00f3zk\u00f3w. Wewn\u0105trz filii brak jest udogodnie\u0144 dla os\u00f3b niepe\u0142nosprawnych poruszaj\u0105cych si\u0119 na w\u00f3zkach inwalidzkich. Filia nie jest wyposa\u017cona w toalet\u0119 dla rodzic\u00f3w z ma\u0142ymi dzie\u0107mi.<\/li>\n<li><strong>Filia nr 15<\/strong> zlokalizowana w Olsztynie przy ul. Obro\u0144c\u00f3w Tobruku 15\/2lok.U w ci\u0105gu pawilon\u00f3w handlowo-us\u0142ugowych. Osoby niepe\u0142nosprawne poruszaj\u0105ce si\u0119 na w\u00f3zkach inwalidzkich maj\u0105 mo\u017cliwo\u015b\u0107 wjechania w\u00f3zkiem do biblioteki, podobnie jest z w\u00f3zkami dzieci\u0119cymi. Natomiast ze wzgl\u0119du na zbyt ma\u0142\u0105 przestrze\u0144 brak jest mo\u017cliwo\u015bci swobodnego poruszania si\u0119 w\u00f3zkiem inwalidzkim mi\u0119dzy rega\u0142ami. Brak toalety przystosowanej dla os\u00f3b niepe\u0142nosprawnych.<\/li>\n<li><strong>Filia nr 16<\/strong> usytuowana w Olsztynie przy ul. Ba\u0142tyckiej 145. Filia biblioteczna mie\u015bci si\u0119 na parterze kamienicy kt\u00f3ra wyposa\u017cona jest w podjazd dla w\u00f3zk\u00f3w dzieci\u0119cych\u00a0 oraz w\u00f3zk\u00f3w inwalidzkich. Niepe\u0142nosprawni czytelnicy oraz rodzice z w\u00f3zkiem dzieci\u0119cym maj\u0105 swobodny dost\u0119p do filii. Wszystkie przej\u015bcia wewn\u0105trz lokalu do poszczeg\u00f3lnych pomieszcze\u0144 w bibliotece umo\u017cliwiaj\u0105 swobodne poruszanie si\u0119 na w\u00f3zku (brak prog\u00f3w, szerokie przej\u015bcia).<\/li>\n<li><strong>Filia nr 18<\/strong> usytuowana w Olsztynie przy ul. \u017bytniej 71 os. Dajtki. Biblioteka wyposa\u017cona jest w podjazd dla w\u00f3zk\u00f3w zlokalizowany przed wej\u015bciem do budynku,\u00a0 udogodnienia wewn\u0105trz: szeroki i przestronny korytarz oraz sale biblioteczne, brak prog\u00f3w w pomieszczeniach, toaleta przystosowana dla os\u00f3b niepe\u0142nosprawnych.<\/li>\n<li><strong>Budynek administracji MBP<\/strong> usytuowany w Olsztynie przy ul. Rodziewicz\u00f3wny 2. Ze wzgl\u0119du liczne bariery architektoniczne (niewielka powierzchnia oraz ma\u0142e, w\u0105skie i kr\u0119te korytarzyki) nie ma mo\u017cliwo\u015bci wjazdu do budynku w\u00f3zk\u00f3w inwalidzkich oraz w\u00f3zk\u00f3w dzieci\u0119cych.<\/li>\n<\/ul>\n","protected":false},"excerpt":{"rendered":"<p>Miejska Biblioteka Publiczna w Olsztynie zobowi\u0105zuje si\u0119 zapewni\u0107 dost\u0119pno\u015b\u0107 swojej strony internetowej zgodnie z ustaw\u0105 z dnia 4 kwietnia 2019 r. o dost\u0119pno\u015bci cyfrowej stron internetowych i aplikacji mobilnych podmiot\u00f3w publicznych. O\u015bwiadczenie w sprawie dost\u0119pno\u015bci ma zastosowanie do strony internetowej BIP MBP w Olsztynie. Data publikacji strony internetowej:\u00a02014-03-25. Data ostatniej istotnej aktualizacji:\u00a02014-03-25. Strona internetowa WWW <span class=\"ellipsis\">&hellip;<\/span> <span class=\"more-link-wrap\"><a href=\"https:\/\/bip.mbp.olsztyn.pl\/?page_id=584\" class=\"more-link\"><span>Read More &rarr;<\/span><\/a><\/span><\/p>\n","protected":false},"author":1,"featured_media":0,"parent":0,"menu_order":0,"comment_status":"closed","ping_status":"closed","template":"","meta":{"footnotes":""},"class_list":["post-584","page","type-page","status-publish","hentry"],"_links":{"self":[{"href":"https:\/\/bip.mbp.olsztyn.pl\/index.php?rest_route=\/wp\/v2\/pages\/584","targetHints":{"allow":["GET"]}}],"collection":[{"href":"https:\/\/bip.mbp.olsztyn.pl\/index.php?rest_route=\/wp\/v2\/pages"}],"about":[{"href":"https:\/\/bip.mbp.olsztyn.pl\/index.php?rest_route=\/wp\/v2\/types\/page"}],"author":[{"embeddable":true,"href":"https:\/\/bip.mbp.olsztyn.pl\/index.php?rest_route=\/wp\/v2\/users\/1"}],"replies":[{"embeddable":true,"href":"https:\/\/bip.mbp.olsztyn.pl\/index.php?rest_route=%2Fwp%2Fv2%2Fcomments&post=584"}],"version-history":[{"count":5,"href":"https:\/\/bip.mbp.olsztyn.pl\/index.php?rest_route=\/wp\/v2\/pages\/584\/revisions"}],"predecessor-version":[{"id":718,"href":"https:\/\/bip.mbp.olsztyn.pl\/index.php?rest_route=\/wp\/v2\/pages\/584\/revisions\/718"}],"wp:attachment":[{"href":"https:\/\/bip.mbp.olsztyn.pl\/index.php?rest_route=%2Fwp%2Fv2%2Fmedia&parent=584"}],"curies":[{"name":"wp","href":"https:\/\/api.w.org\/{rel}","templated":true}]}}