{"id":634,"date":"2024-09-26T07:24:49","date_gmt":"2024-09-26T05:24:49","guid":{"rendered":"https:\/\/bip.mbp.olsztyn.pl\/?page_id=634"},"modified":"2025-02-07T10:05:33","modified_gmt":"2025-02-07T09:05:33","slug":"procedura-przyjmowania-zgloszen-naruszenia-prawa-od-sygnalistow","status":"publish","type":"page","link":"https:\/\/bip.mbp.olsztyn.pl\/?page_id=634","title":{"rendered":"Procedura przyjmowania zg\u0142osze\u0144 naruszenia prawa od sygnalist\u00f3w"},"content":{"rendered":"<p>Procedura przyjmowania zg\u0142osze\u0144 naruszenia prawa od sygnalist\u00f3w w Miejskiej Bibliotece Publicznej do pobrania: <a href=\"https:\/\/bip.mbp.olsztyn.pl\/wp-content\/uploads\/2024\/09\/Procedura-przyjmowania-zgloszen-naruszenia-prawa-od-sygnalistow.pdf\">POBIERZ [PDF]<\/a><\/p>\n<p>Bezpieczny zewn\u0119trzny elektroniczny kana\u0142 zg\u0142oszeniowy: <a href=\"http:\/\/sygnalista.zewnetrzny.olsztyn.eu\" target=\"_blank\" rel=\"noopener\">http:\/\/sygnalista.zewnetrzny.olsztyn.eu<\/a><\/p>\n","protected":false},"excerpt":{"rendered":"<p>Procedura przyjmowania zg\u0142osze\u0144 naruszenia prawa od sygnalist\u00f3w w Miejskiej Bibliotece Publicznej do pobrania: POBIERZ [PDF] Bezpieczny zewn\u0119trzny elektroniczny kana\u0142 zg\u0142oszeniowy: http:\/\/sygnalista.zewnetrzny.olsztyn.eu<\/p>\n","protected":false},"author":1,"featured_media":0,"parent":0,"menu_order":0,"comment_status":"closed","ping_status":"closed","template":"","meta":{"footnotes":""},"class_list":["post-634","page","type-page","status-publish","hentry"],"_links":{"self":[{"href":"https:\/\/bip.mbp.olsztyn.pl\/index.php?rest_route=\/wp\/v2\/pages\/634","targetHints":{"allow":["GET"]}}],"collection":[{"href":"https:\/\/bip.mbp.olsztyn.pl\/index.php?rest_route=\/wp\/v2\/pages"}],"about":[{"href":"https:\/\/bip.mbp.olsztyn.pl\/index.php?rest_route=\/wp\/v2\/types\/page"}],"author":[{"embeddable":true,"href":"https:\/\/bip.mbp.olsztyn.pl\/index.php?rest_route=\/wp\/v2\/users\/1"}],"replies":[{"embeddable":true,"href":"https:\/\/bip.mbp.olsztyn.pl\/index.php?rest_route=%2Fwp%2Fv2%2Fcomments&post=634"}],"version-history":[{"count":2,"href":"https:\/\/bip.mbp.olsztyn.pl\/index.php?rest_route=\/wp\/v2\/pages\/634\/revisions"}],"predecessor-version":[{"id":662,"href":"https:\/\/bip.mbp.olsztyn.pl\/index.php?rest_route=\/wp\/v2\/pages\/634\/revisions\/662"}],"wp:attachment":[{"href":"https:\/\/bip.mbp.olsztyn.pl\/index.php?rest_route=%2Fwp%2Fv2%2Fmedia&parent=634"}],"curies":[{"name":"wp","href":"https:\/\/api.w.org\/{rel}","templated":true}]}}